{"id":124,"date":"2015-01-26T21:35:45","date_gmt":"2015-01-26T20:35:45","guid":{"rendered":"http:\/\/tagesmutter-rudersberg.de\/?page_id=124"},"modified":"2020-07-04T22:30:04","modified_gmt":"2020-07-04T20:30:04","slug":"kosten","status":"publish","type":"page","link":"https:\/\/tagesmutter-rudersberg.de\/?page_id=124","title":{"rendered":"Kosten"},"content":{"rendered":"<h4 style=\"text-align: center;\"><em><strong>Eine Tagesmutter im Rems-Murr-Kreis erh\u00e4lt 6,50 \u20ac pro Kind pro Betreuungsstunde.<\/strong><\/em><\/h4>\n<h4 style=\"text-align: center;\"><em><strong>Diese Kosten m\u00fcssen sie nicht selbst tragen.<br \/>\nSie erhalten finanzielle Unterst\u00fctzung vom Kreisjugendamt.<\/strong><\/em><\/h4>\n<h4 style=\"text-align: center;\"><em><strong>Die n\u00f6tigen Antragsunterlagen finden Sie auf der Homepage<br \/>\n<\/strong><\/em><em><strong>vom Landratsamt <a href=\"http:\/\/www.rems-murr-kreis.de\/2781_DEU_WWW.php\" target=\"_blank\" rel=\"noopener noreferrer\">hier<\/a><\/strong><\/em><\/h4>\n","protected":false},"excerpt":{"rendered":"<p>Eine Tagesmutter im Rems-Murr-Kreis erh\u00e4lt 6,50 \u20ac pro Kind pro Betreuungsstunde. Diese Kosten m\u00fcssen sie nicht selbst tragen. Sie erhalten finanzielle Unterst\u00fctzung vom Kreisjugendamt. Die n\u00f6tigen Antragsunterlagen finden Sie auf der Homepage vom Landratsamt hier<\/p>\n","protected":false},"author":3,"featured_media":0,"parent":0,"menu_order":0,"comment_status":"open","ping_status":"open","template":"","meta":[],"_links":{"self":[{"href":"https:\/\/tagesmutter-rudersberg.de\/index.php?rest_route=\/wp\/v2\/pages\/124"}],"collection":[{"href":"https:\/\/tagesmutter-rudersberg.de\/index.php?rest_route=\/wp\/v2\/pages"}],"about":[{"href":"https:\/\/tagesmutter-rudersberg.de\/index.php?rest_route=\/wp\/v2\/types\/page"}],"author":[{"embeddable":true,"href":"https:\/\/tagesmutter-rudersberg.de\/index.php?rest_route=\/wp\/v2\/users\/3"}],"replies":[{"embeddable":true,"href":"https:\/\/tagesmutter-rudersberg.de\/index.php?rest_route=%2Fwp%2Fv2%2Fcomments&post=124"}],"version-history":[{"count":5,"href":"https:\/\/tagesmutter-rudersberg.de\/index.php?rest_route=\/wp\/v2\/pages\/124\/revisions"}],"predecessor-version":[{"id":651,"href":"https:\/\/tagesmutter-rudersberg.de\/index.php?rest_route=\/wp\/v2\/pages\/124\/revisions\/651"}],"wp:attachment":[{"href":"https:\/\/tagesmutter-rudersberg.de\/index.php?rest_route=%2Fwp%2Fv2%2Fmedia&parent=124"}],"curies":[{"name":"wp","href":"https:\/\/api.w.org\/{rel}","templated":true}]}}