{"id":13,"date":"2015-01-19T22:04:39","date_gmt":"2015-01-19T21:04:39","guid":{"rendered":"http:\/\/tagesmutter-rudersberg.de\/?page_id=13"},"modified":"2023-01-24T11:41:28","modified_gmt":"2023-01-24T10:41:28","slug":"ueber-mich","status":"publish","type":"page","link":"https:\/\/tagesmutter-rudersberg.de\/?page_id=13","title":{"rendered":"\u00dcber mich"},"content":{"rendered":"<p style=\"text-align: center;\"><a href=\"http:\/\/tagesmutter-rudersberg.de\/wp-content\/uploads\/2015\/01\/Seli-Bild2.png\"><img decoding=\"async\" loading=\"lazy\" class=\"alignnone size-medium wp-image-608\" src=\"http:\/\/tagesmutter-rudersberg.de\/wp-content\/uploads\/2015\/01\/Seli-Bild2-210x300.png\" alt=\"\" width=\"210\" height=\"300\" srcset=\"https:\/\/tagesmutter-rudersberg.de\/wp-content\/uploads\/2015\/01\/Seli-Bild2-210x300.png 210w, https:\/\/tagesmutter-rudersberg.de\/wp-content\/uploads\/2015\/01\/Seli-Bild2-717x1024.png 717w, https:\/\/tagesmutter-rudersberg.de\/wp-content\/uploads\/2015\/01\/Seli-Bild2.png 723w\" sizes=\"(max-width: 210px) 100vw, 210px\" \/><\/a><a href=\"http:\/\/tagesmutter-rudersberg.de\/wp-content\/uploads\/2015\/01\/Seli-Bild2.png\"><br \/><\/a><em>\u00a0<\/em><\/p>\n<h4 style=\"text-align: center;\"><strong><em>So nun zu meiner Person.<br \/>Ich hei\u00dfe Selina Galjadt\u00a0und bin am 08. Juni 1987<br \/>in Schw\u00e4bisch Gm\u00fcnd geboren.<br \/>Mit Viktor Galjadt bin ich verheiratet und wir haben<br \/>Zwei T\u00f6chter und einen Sohn Elayn geboren am 08. Juli 2013 und Emmi geboren am 01. September 2016 und Rio geboren am 01. Juli 2022<\/em><\/strong><\/h4>\n<h4 style=\"text-align: center;\"><strong><em>Bevor ich Tagesmutter wurde, habe ich eine Ausbildung<br \/>zur Raumausstatterin gemacht und fast 6 Jahre lang<br \/>war ich in diesem Beruf t\u00e4tig.<\/em><\/strong><\/h4>\n<h4 style=\"text-align: center;\"><strong><em>Nach der Geburt unserer Tochter Elayn war mir klar<br \/>dass ich ihre Erziehung auf jeden Fall selbst \u00fcbernehmen m\u00f6chte<br \/>und da Kinder schon immer eine gro\u00dfe Rolle<br \/>in meinem Leben spielten<br \/>z.B. leitete ich eine M\u00e4dchen Jungschar und<br \/>auch einen Kindergottesdienst in Zumhof,<br \/>entschied ich mich f\u00fcr die Ausbildung zur Tagesmutter. <\/em><\/strong><\/h4>\n<h4 style=\"text-align: center;\"><strong><em>Kinder begeistern und inspirieren mich immer wieder aufs Neue,<br \/>dass ist nicht nur ein Beruf f\u00fcr mich<br \/>Tagesmutter zu sein ist mein Lebensinhalt!<\/em><\/strong><\/h4>\n<h4 style=\"text-align: center;\"><strong><em>Jetzt mache Ich den beruf als Tagesmutter<\/em>\u00a0<em>seit<\/em><\/strong>\u00a08\u00a0<em><strong>Jahren und bin immer noch sehr gl\u00fccklich. Ich sehe es immer wieder dass dieser Beruf meine erf\u00fcllung ist. Auch wenn es mal schwierig ist \ud83d\ude09<\/strong><\/em><\/h4>\n<h4 style=\"text-align: center;\">Im September 2016 ist unsere zweite Tochter geboren was uns sehr gl\u00fccklich macht. Nicht nur f\u00fcr uns ist Emmi eine gro\u00dfe Bereicherung auch f\u00fcr meine Tageskinder ist es sch\u00f6n einem Baby beim wachsen zusehen zu k\u00f6nnen\/ dabei zu sein .<\/h4>\n<h4 style=\"text-align: center;\">Im Juli 2022 ist unser Sohn Rio als kr\u00f6nender Abschluss geboren und hat mich dazu gebracht meine Tagespflege etwas umzugestalten. Ich habe mich entschieden die Kinder bis zum Schulanfang zu betreuen damit ich allen besser gerecht werden kann.<\/h4>\n<p>\u00a0<\/p>\n<h4 style=\"text-align: center;\">\u00a0So dass sind unsere Kinder<\/h4>\n<h4 style=\"text-align: center;\">Elayn, Emmi und Rio\u00a0<\/h4>\n<h4 style=\"text-align: center;\"><a href=\"http:\/\/tagesmutter-rudersberg.de\/wp-content\/uploads\/2022\/12\/4AA16663-C36E-4DCE-AA7B-1CC5BA42A7DB.png\"><img decoding=\"async\" loading=\"lazy\" class=\"alignnone size-medium wp-image-659\" src=\"http:\/\/tagesmutter-rudersberg.de\/wp-content\/uploads\/2022\/12\/4AA16663-C36E-4DCE-AA7B-1CC5BA42A7DB-231x300.png\" alt=\"\" width=\"231\" height=\"300\" srcset=\"https:\/\/tagesmutter-rudersberg.de\/wp-content\/uploads\/2022\/12\/4AA16663-C36E-4DCE-AA7B-1CC5BA42A7DB-231x300.png 231w, https:\/\/tagesmutter-rudersberg.de\/wp-content\/uploads\/2022\/12\/4AA16663-C36E-4DCE-AA7B-1CC5BA42A7DB-788x1024.png 788w, https:\/\/tagesmutter-rudersberg.de\/wp-content\/uploads\/2022\/12\/4AA16663-C36E-4DCE-AA7B-1CC5BA42A7DB-768x999.png 768w, https:\/\/tagesmutter-rudersberg.de\/wp-content\/uploads\/2022\/12\/4AA16663-C36E-4DCE-AA7B-1CC5BA42A7DB.png 1079w\" sizes=\"(max-width: 231px) 100vw, 231px\" \/><\/a><\/h4>\n<h4 style=\"text-align: center;\">und ich mit meinem Mann Viktor Galjadt<\/h4>\n<p style=\"text-align: center;\"><a href=\"http:\/\/tagesmutter-rudersberg.de\/wp-content\/uploads\/2022\/12\/5A653B51-C9CF-4EF1-A298-9FE2E6D0F52C.jpeg\"><img decoding=\"async\" loading=\"lazy\" class=\"alignnone size-medium wp-image-670\" src=\"http:\/\/tagesmutter-rudersberg.de\/wp-content\/uploads\/2022\/12\/5A653B51-C9CF-4EF1-A298-9FE2E6D0F52C-225x300.jpeg\" alt=\"\" width=\"225\" height=\"300\" srcset=\"https:\/\/tagesmutter-rudersberg.de\/wp-content\/uploads\/2022\/12\/5A653B51-C9CF-4EF1-A298-9FE2E6D0F52C-225x300.jpeg 225w, https:\/\/tagesmutter-rudersberg.de\/wp-content\/uploads\/2022\/12\/5A653B51-C9CF-4EF1-A298-9FE2E6D0F52C-767x1024.jpeg 767w, https:\/\/tagesmutter-rudersberg.de\/wp-content\/uploads\/2022\/12\/5A653B51-C9CF-4EF1-A298-9FE2E6D0F52C-768x1025.jpeg 768w, https:\/\/tagesmutter-rudersberg.de\/wp-content\/uploads\/2022\/12\/5A653B51-C9CF-4EF1-A298-9FE2E6D0F52C-1151x1536.jpeg 1151w, https:\/\/tagesmutter-rudersberg.de\/wp-content\/uploads\/2022\/12\/5A653B51-C9CF-4EF1-A298-9FE2E6D0F52C.jpeg 1250w\" sizes=\"(max-width: 225px) 100vw, 225px\" \/><\/a><\/p>\n\n\n<figure class=\"wp-block-gallery columns-0 is-cropped wp-block-gallery-1 is-layout-flex\"><ul class=\"blocks-gallery-grid\"><\/ul><\/figure>\n\n\n\n<p><\/p>\n","protected":false},"excerpt":{"rendered":"<p>\u00a0 So nun zu meiner Person.Ich hei\u00dfe Selina Galjadt\u00a0und bin am 08. Juni 1987in Schw\u00e4bisch Gm\u00fcnd geboren.Mit Viktor Galjadt bin ich verheiratet und wir habenZwei T\u00f6chter und einen Sohn Elayn geboren am 08. Juli 2013 und Emmi geboren am 01&#8230;.<\/p>\n","protected":false},"author":1,"featured_media":0,"parent":0,"menu_order":0,"comment_status":"closed","ping_status":"closed","template":"","meta":[],"_links":{"self":[{"href":"https:\/\/tagesmutter-rudersberg.de\/index.php?rest_route=\/wp\/v2\/pages\/13"}],"collection":[{"href":"https:\/\/tagesmutter-rudersberg.de\/index.php?rest_route=\/wp\/v2\/pages"}],"about":[{"href":"https:\/\/tagesmutter-rudersberg.de\/index.php?rest_route=\/wp\/v2\/types\/page"}],"author":[{"embeddable":true,"href":"https:\/\/tagesmutter-rudersberg.de\/index.php?rest_route=\/wp\/v2\/users\/1"}],"replies":[{"embeddable":true,"href":"https:\/\/tagesmutter-rudersberg.de\/index.php?rest_route=%2Fwp%2Fv2%2Fcomments&post=13"}],"version-history":[{"count":18,"href":"https:\/\/tagesmutter-rudersberg.de\/index.php?rest_route=\/wp\/v2\/pages\/13\/revisions"}],"predecessor-version":[{"id":682,"href":"https:\/\/tagesmutter-rudersberg.de\/index.php?rest_route=\/wp\/v2\/pages\/13\/revisions\/682"}],"wp:attachment":[{"href":"https:\/\/tagesmutter-rudersberg.de\/index.php?rest_route=%2Fwp%2Fv2%2Fmedia&parent=13"}],"curies":[{"name":"wp","href":"https:\/\/api.w.org\/{rel}","templated":true}]}}