{"id":19,"date":"2015-01-19T22:05:20","date_gmt":"2015-01-19T21:05:20","guid":{"rendered":"http:\/\/tagesmutter-rudersberg.de\/?page_id=19"},"modified":"2015-03-10T17:48:26","modified_gmt":"2015-03-10T16:48:26","slug":"konzept","status":"publish","type":"page","link":"https:\/\/tagesmutter-rudersberg.de\/?page_id=19","title":{"rendered":"Konzept"},"content":{"rendered":"<h4 style=\"text-align: center;\"><em><strong>Tagespflege soll die Erziehung und Bildung des Kindes unterst\u00fctzen,<\/strong><\/em><br \/>\n<em><strong> erg\u00e4nzen und Ihnen als Eltern dabei helfen,<\/strong><\/em><br \/>\n<em><strong> Job und Erziehung besser miteinander vereinbaren zu k\u00f6nnen.<\/strong><\/em><\/h4>\n<h4 style=\"text-align: center;\"><em><strong>Eine Tagesmutter soll Ihrem Kind den famili\u00e4ren Rahmen bieten,<br \/>\nder ihrem Kind die Sicherheit gibt,<br \/>\nsich zu einer eigenverantwortlichen und<br \/>\nteamf\u00e4higen Pers\u00f6nlichkeit zu entwickeln.<\/strong><\/em><\/h4>\n<h4 style=\"text-align: center;\"><\/h4>\n","protected":false},"excerpt":{"rendered":"<p>Tagespflege soll die Erziehung und Bildung des Kindes unterst\u00fctzen, erg\u00e4nzen und Ihnen als Eltern dabei helfen, Job und Erziehung besser miteinander vereinbaren zu k\u00f6nnen. Eine Tagesmutter soll Ihrem Kind den famili\u00e4ren Rahmen bieten, der ihrem Kind die Sicherheit gibt, sich&#8230;<\/p>\n","protected":false},"author":1,"featured_media":0,"parent":0,"menu_order":0,"comment_status":"closed","ping_status":"closed","template":"","meta":[],"_links":{"self":[{"href":"https:\/\/tagesmutter-rudersberg.de\/index.php?rest_route=\/wp\/v2\/pages\/19"}],"collection":[{"href":"https:\/\/tagesmutter-rudersberg.de\/index.php?rest_route=\/wp\/v2\/pages"}],"about":[{"href":"https:\/\/tagesmutter-rudersberg.de\/index.php?rest_route=\/wp\/v2\/types\/page"}],"author":[{"embeddable":true,"href":"https:\/\/tagesmutter-rudersberg.de\/index.php?rest_route=\/wp\/v2\/users\/1"}],"replies":[{"embeddable":true,"href":"https:\/\/tagesmutter-rudersberg.de\/index.php?rest_route=%2Fwp%2Fv2%2Fcomments&post=19"}],"version-history":[{"count":8,"href":"https:\/\/tagesmutter-rudersberg.de\/index.php?rest_route=\/wp\/v2\/pages\/19\/revisions"}],"predecessor-version":[{"id":274,"href":"https:\/\/tagesmutter-rudersberg.de\/index.php?rest_route=\/wp\/v2\/pages\/19\/revisions\/274"}],"wp:attachment":[{"href":"https:\/\/tagesmutter-rudersberg.de\/index.php?rest_route=%2Fwp%2Fv2%2Fmedia&parent=19"}],"curies":[{"name":"wp","href":"https:\/\/api.w.org\/{rel}","templated":true}]}}