{"id":2,"date":"2015-01-19T21:43:41","date_gmt":"2015-01-19T20:43:41","guid":{"rendered":"http:\/\/tagesmutter-rudersberg.de\/?page_id=2"},"modified":"2024-02-19T12:12:49","modified_gmt":"2024-02-19T11:12:49","slug":"start-seite","status":"publish","type":"page","link":"https:\/\/tagesmutter-rudersberg.de\/","title":{"rendered":"Startseite"},"content":{"rendered":"<h3 style=\"text-align: center;\"><strong>Hallo Ihr lieben,<\/strong><\/h3>\n<h3 style=\"text-align: center;\"><strong>und Herzlich Willkommen<\/strong><\/h3>\n<h3 style=\"text-align: center;\"><strong>auf meiner Homepage!<\/strong><\/h3>\n<h3 style=\"text-align: center;\"><span style=\"color: #2cd19d;\">Aktuell habe ich keine Pl\u00e4tze frei\u00a0<\/span><\/h3>\n<h4 style=\"text-align: center;\"><strong>Ich w\u00fcnsch Ihnen viel Spa\u00df<\/strong><\/h4>\n<h4 style=\"text-align: center;\"><strong>beim Durchst\u00f6bern meiner Seiten <\/strong><\/h4>\n<h4 style=\"text-align: center;\"><strong>und \u00fcber nette Eintr\u00e4ge im G\u00e4stebuch freue Ich mich immer.<\/strong><\/h4>\n\n\n<p><\/p>\n","protected":false},"excerpt":{"rendered":"<p>Hallo Ihr lieben, und Herzlich Willkommen auf meiner Homepage! Aktuell habe ich keine Pl\u00e4tze frei\u00a0 Ich w\u00fcnsch Ihnen viel Spa\u00df beim Durchst\u00f6bern meiner Seiten und \u00fcber nette Eintr\u00e4ge im G\u00e4stebuch freue Ich mich immer.<\/p>\n","protected":false},"author":1,"featured_media":0,"parent":0,"menu_order":0,"comment_status":"closed","ping_status":"closed","template":"","meta":[],"_links":{"self":[{"href":"https:\/\/tagesmutter-rudersberg.de\/index.php?rest_route=\/wp\/v2\/pages\/2"}],"collection":[{"href":"https:\/\/tagesmutter-rudersberg.de\/index.php?rest_route=\/wp\/v2\/pages"}],"about":[{"href":"https:\/\/tagesmutter-rudersberg.de\/index.php?rest_route=\/wp\/v2\/types\/page"}],"author":[{"embeddable":true,"href":"https:\/\/tagesmutter-rudersberg.de\/index.php?rest_route=\/wp\/v2\/users\/1"}],"replies":[{"embeddable":true,"href":"https:\/\/tagesmutter-rudersberg.de\/index.php?rest_route=%2Fwp%2Fv2%2Fcomments&post=2"}],"version-history":[{"count":30,"href":"https:\/\/tagesmutter-rudersberg.de\/index.php?rest_route=\/wp\/v2\/pages\/2\/revisions"}],"predecessor-version":[{"id":713,"href":"https:\/\/tagesmutter-rudersberg.de\/index.php?rest_route=\/wp\/v2\/pages\/2\/revisions\/713"}],"wp:attachment":[{"href":"https:\/\/tagesmutter-rudersberg.de\/index.php?rest_route=%2Fwp%2Fv2%2Fmedia&parent=2"}],"curies":[{"name":"wp","href":"https:\/\/api.w.org\/{rel}","templated":true}]}}