{"id":21,"date":"2015-01-19T22:05:33","date_gmt":"2015-01-19T21:05:33","guid":{"rendered":"http:\/\/tagesmutter-rudersberg.de\/?page_id=21"},"modified":"2022-12-02T13:28:03","modified_gmt":"2022-12-02T12:28:03","slug":"raeumlichkeiten","status":"publish","type":"page","link":"https:\/\/tagesmutter-rudersberg.de\/?page_id=21","title":{"rendered":"R\u00e4umlichkeiten"},"content":{"rendered":"<h4 style=\"text-align: center;\"><em>Unser Haus ist am Orts Ende in Oberndorf \u00a0mit einem kleinen Spaziergang sind wir direkt am Waldrand oder im D\u00e4le wo die Kinder super frei springen und laufen k\u00f6nnen ohne Gefahr durch Autos.<\/em><\/h4>\n<h3 style=\"text-align: center;\"><em> Das ist unser Haus<\/em><\/h3>\n<p style=\"text-align: center;\">\n<h4 style=\"text-align: center;\">die Au\u00dfenanlage ist noch in Arbeit<\/h4>\n<h4 style=\"text-align: center;\">Unser Garten mit dem sch\u00f6nen Spielehaus, Sandkasten und Rutsche bietet den Kindern viele M\u00f6glichkeiten. Neben unserem Haus ist unsere Einfahrt mit Absperrung zur Stra\u00dfe die ist gepflastert und die Kinder k\u00f6nnen mit dem Bobicar fahren oder Kreide malen.<\/h4>\n<p style=\"text-align: center;\"><a href=\"http:\/\/tagesmutter-rudersberg.de\/wp-content\/uploads\/2022\/12\/D97FB670-6E29-4870-A9D0-23EEC6BEFB2D-scaled.jpeg\"><img decoding=\"async\" loading=\"lazy\" class=\"alignnone size-medium wp-image-669\" src=\"http:\/\/tagesmutter-rudersberg.de\/wp-content\/uploads\/2022\/12\/D97FB670-6E29-4870-A9D0-23EEC6BEFB2D-226x300.jpeg\" alt=\"\" width=\"226\" height=\"300\" srcset=\"https:\/\/tagesmutter-rudersberg.de\/wp-content\/uploads\/2022\/12\/D97FB670-6E29-4870-A9D0-23EEC6BEFB2D-226x300.jpeg 226w, https:\/\/tagesmutter-rudersberg.de\/wp-content\/uploads\/2022\/12\/D97FB670-6E29-4870-A9D0-23EEC6BEFB2D-771x1024.jpeg 771w, https:\/\/tagesmutter-rudersberg.de\/wp-content\/uploads\/2022\/12\/D97FB670-6E29-4870-A9D0-23EEC6BEFB2D-768x1020.jpeg 768w, https:\/\/tagesmutter-rudersberg.de\/wp-content\/uploads\/2022\/12\/D97FB670-6E29-4870-A9D0-23EEC6BEFB2D-1157x1536.jpeg 1157w, https:\/\/tagesmutter-rudersberg.de\/wp-content\/uploads\/2022\/12\/D97FB670-6E29-4870-A9D0-23EEC6BEFB2D-1542x2048.jpeg 1542w, https:\/\/tagesmutter-rudersberg.de\/wp-content\/uploads\/2022\/12\/D97FB670-6E29-4870-A9D0-23EEC6BEFB2D-scaled.jpeg 1928w\" sizes=\"(max-width: 226px) 100vw, 226px\" \/><\/a><\/p>\n<p style=\"text-align: center;\">\n<p style=\"text-align: center;\">\n","protected":false},"excerpt":{"rendered":"<p>Unser Haus ist am Orts Ende in Oberndorf \u00a0mit einem kleinen Spaziergang sind wir direkt am Waldrand oder im D\u00e4le wo die Kinder super frei springen und laufen k\u00f6nnen ohne Gefahr durch Autos. Das ist unser Haus die Au\u00dfenanlage ist&#8230;<\/p>\n","protected":false},"author":1,"featured_media":0,"parent":0,"menu_order":0,"comment_status":"closed","ping_status":"closed","template":"","meta":[],"_links":{"self":[{"href":"https:\/\/tagesmutter-rudersberg.de\/index.php?rest_route=\/wp\/v2\/pages\/21"}],"collection":[{"href":"https:\/\/tagesmutter-rudersberg.de\/index.php?rest_route=\/wp\/v2\/pages"}],"about":[{"href":"https:\/\/tagesmutter-rudersberg.de\/index.php?rest_route=\/wp\/v2\/types\/page"}],"author":[{"embeddable":true,"href":"https:\/\/tagesmutter-rudersberg.de\/index.php?rest_route=\/wp\/v2\/users\/1"}],"replies":[{"embeddable":true,"href":"https:\/\/tagesmutter-rudersberg.de\/index.php?rest_route=%2Fwp%2Fv2%2Fcomments&post=21"}],"version-history":[{"count":11,"href":"https:\/\/tagesmutter-rudersberg.de\/index.php?rest_route=\/wp\/v2\/pages\/21\/revisions"}],"predecessor-version":[{"id":679,"href":"https:\/\/tagesmutter-rudersberg.de\/index.php?rest_route=\/wp\/v2\/pages\/21\/revisions\/679"}],"wp:attachment":[{"href":"https:\/\/tagesmutter-rudersberg.de\/index.php?rest_route=%2Fwp%2Fv2%2Fmedia&parent=21"}],"curies":[{"name":"wp","href":"https:\/\/api.w.org\/{rel}","templated":true}]}}