{"id":25,"date":"2015-01-19T22:06:09","date_gmt":"2015-01-19T21:06:09","guid":{"rendered":"http:\/\/tagesmutter-rudersberg.de\/?page_id=25"},"modified":"2022-12-01T22:15:42","modified_gmt":"2022-12-01T21:15:42","slug":"das-biete-ich","status":"publish","type":"page","link":"https:\/\/tagesmutter-rudersberg.de\/?page_id=25","title":{"rendered":"Das biete ich"},"content":{"rendered":"<ul>\n<li style=\"text-align: left;\">\n<h4 style=\"text-align: center;\"><em><strong>gemeinsames Singen<\/strong><\/em><\/h4>\n<\/li>\n<li style=\"text-align: center;\">\n<h4><em><strong>gemeinsames Spielen<\/strong><\/em><\/h4>\n<\/li>\n<li style=\"text-align: center;\">\n<h4><em><strong>gemeinsames Basteln<\/strong><\/em><\/h4>\n<\/li>\n<li style=\"text-align: center;\">\n<h4><em><strong>gemeinsames Kochen und Essen vorbereiten<\/strong><\/em><\/h4>\n<\/li>\n<li style=\"text-align: center;\">\n<h4><em><strong>gemeinsame Spatzierg\u00e4nge<\/strong><\/em><\/h4>\n<\/li>\n<li style=\"text-align: center;\">\n<h4><em><strong>Bewegungserfahrung<\/strong><\/em><\/h4>\n<\/li>\n<li style=\"text-align: center;\">\n<h4><em><strong>altersgemischte Gruppe<\/strong><\/em><\/h4>\n<\/li>\n<li style=\"text-align: center;\">\n<h4><em><strong>Flexible Betreuungszeiten<\/strong><\/em><\/h4>\n<\/li>\n<li style=\"text-align: center;\">\n<h4><em><strong>Familliere Atmosph\u00e4re<\/strong><\/em><\/h4>\n<\/li>\n<li style=\"text-align: center;\">\n<h4><em><strong>Individuelle F\u00f6rderung<\/strong><\/em><\/h4>\n<\/li>\n<li style=\"text-align: left;\">\n<h4 style=\"text-align: center;\"><em><strong>Hausaufgabenbetreuung<\/strong><\/em><\/h4>\n<\/li>\n<li style=\"text-align: center;\">\n<h4><em><strong>Umgang mit Tieren erfahren<\/strong><\/em><\/h4>\n<\/li>\n<\/ul>\n","protected":false},"excerpt":{"rendered":"<p>gemeinsames Singen gemeinsames Spielen gemeinsames Basteln gemeinsames Kochen und Essen vorbereiten gemeinsame Spatzierg\u00e4nge Bewegungserfahrung altersgemischte Gruppe Flexible Betreuungszeiten Familliere Atmosph\u00e4re Individuelle F\u00f6rderung Hausaufgabenbetreuung Umgang mit Tieren erfahren<\/p>\n","protected":false},"author":1,"featured_media":0,"parent":0,"menu_order":0,"comment_status":"closed","ping_status":"closed","template":"","meta":[],"_links":{"self":[{"href":"https:\/\/tagesmutter-rudersberg.de\/index.php?rest_route=\/wp\/v2\/pages\/25"}],"collection":[{"href":"https:\/\/tagesmutter-rudersberg.de\/index.php?rest_route=\/wp\/v2\/pages"}],"about":[{"href":"https:\/\/tagesmutter-rudersberg.de\/index.php?rest_route=\/wp\/v2\/types\/page"}],"author":[{"embeddable":true,"href":"https:\/\/tagesmutter-rudersberg.de\/index.php?rest_route=\/wp\/v2\/users\/1"}],"replies":[{"embeddable":true,"href":"https:\/\/tagesmutter-rudersberg.de\/index.php?rest_route=%2Fwp%2Fv2%2Fcomments&post=25"}],"version-history":[{"count":9,"href":"https:\/\/tagesmutter-rudersberg.de\/index.php?rest_route=\/wp\/v2\/pages\/25\/revisions"}],"predecessor-version":[{"id":668,"href":"https:\/\/tagesmutter-rudersberg.de\/index.php?rest_route=\/wp\/v2\/pages\/25\/revisions\/668"}],"wp:attachment":[{"href":"https:\/\/tagesmutter-rudersberg.de\/index.php?rest_route=%2Fwp%2Fv2%2Fmedia&parent=25"}],"curies":[{"name":"wp","href":"https:\/\/api.w.org\/{rel}","templated":true}]}}