{"id":29,"date":"2015-01-19T22:06:40","date_gmt":"2015-01-19T21:06:40","guid":{"rendered":"http:\/\/tagesmutter-rudersberg.de\/?page_id=29"},"modified":"2015-03-10T14:24:14","modified_gmt":"2015-03-10T13:24:14","slug":"eingewoehnung","status":"publish","type":"page","link":"https:\/\/tagesmutter-rudersberg.de\/?page_id=29","title":{"rendered":"Eingew\u00f6hnung"},"content":{"rendered":"<h4 style=\"text-align: center;\"><strong><em>Jedes Kind ist anders manche k\u00f6nnen sich schneller,<br \/>\nandere weniger schnell von Ihnen trennen.<\/em><\/strong><\/h4>\n<h4 style=\"text-align: center;\"><strong><em>In der Eingew\u00f6hnung geht es darum dass Ihr Kind<br \/>\nvertrauen zu mir bekommt.<\/em><\/strong><\/h4>\n<h4 style=\"text-align: center;\"><i>Ich arbeite nach einem bew\u00e4hrten p\u00e4dagogischen Konzept,<br \/>\ndass so aussieht.<\/i><\/h4>\n<p>&nbsp;<\/p>\n","protected":false},"excerpt":{"rendered":"<p>Jedes Kind ist anders manche k\u00f6nnen sich schneller, andere weniger schnell von Ihnen trennen. In der Eingew\u00f6hnung geht es darum dass Ihr Kind vertrauen zu mir bekommt. Ich arbeite nach einem bew\u00e4hrten p\u00e4dagogischen Konzept, dass so aussieht. &nbsp;<\/p>\n","protected":false},"author":1,"featured_media":0,"parent":0,"menu_order":0,"comment_status":"closed","ping_status":"closed","template":"","meta":[],"_links":{"self":[{"href":"https:\/\/tagesmutter-rudersberg.de\/index.php?rest_route=\/wp\/v2\/pages\/29"}],"collection":[{"href":"https:\/\/tagesmutter-rudersberg.de\/index.php?rest_route=\/wp\/v2\/pages"}],"about":[{"href":"https:\/\/tagesmutter-rudersberg.de\/index.php?rest_route=\/wp\/v2\/types\/page"}],"author":[{"embeddable":true,"href":"https:\/\/tagesmutter-rudersberg.de\/index.php?rest_route=\/wp\/v2\/users\/1"}],"replies":[{"embeddable":true,"href":"https:\/\/tagesmutter-rudersberg.de\/index.php?rest_route=%2Fwp%2Fv2%2Fcomments&post=29"}],"version-history":[{"count":6,"href":"https:\/\/tagesmutter-rudersberg.de\/index.php?rest_route=\/wp\/v2\/pages\/29\/revisions"}],"predecessor-version":[{"id":192,"href":"https:\/\/tagesmutter-rudersberg.de\/index.php?rest_route=\/wp\/v2\/pages\/29\/revisions\/192"}],"wp:attachment":[{"href":"https:\/\/tagesmutter-rudersberg.de\/index.php?rest_route=%2Fwp%2Fv2%2Fmedia&parent=29"}],"curies":[{"name":"wp","href":"https:\/\/api.w.org\/{rel}","templated":true}]}}